{"id":8,"date":"2025-10-24T10:07:32","date_gmt":"2025-10-24T08:07:32","guid":{"rendered":"https:\/\/designelementi.it\/scuola-di-cucina\/?page_id=8"},"modified":"2026-03-26T14:03:21","modified_gmt":"2026-03-26T13:03:21","slug":"elementor-8","status":"publish","type":"page","link":"https:\/\/designelementi.it\/scuola-di-cucina\/","title":{"rendered":"Scuola di cucina"},"content":{"rendered":"\t\t<div data-elementor-type=\"wp-post\" data-elementor-id=\"8\" class=\"elementor elementor-8\" data-elementor-post-type=\"page\">\n\t\t\t\t<div class=\"elementor-element elementor-element-31a43f5 e-flex e-con-boxed e-con e-parent\" data-id=\"31a43f5\" data-element_type=\"container\" data-settings=\"{&quot;background_background&quot;:&quot;classic&quot;}\">\n\t\t\t\t\t<div class=\"e-con-inner\">\n\t\t\t\t<div class=\"elementor-element elementor-element-8589d95 elementor-widget elementor-widget-heading\" data-id=\"8589d95\" data-element_type=\"widget\" data-widget_type=\"heading.default\">\n\t\t\t\t\t<h3 class=\"elementor-heading-title elementor-size-default\">Kitchen becoming experience<\/h3>\t\t\t\t<\/div>\n\t\t\t\t<div class=\"elementor-element elementor-element-f2a9524 fondo-testo-azzurro elementor-widget elementor-widget-heading\" data-id=\"f2a9524\" data-element_type=\"widget\" data-widget_type=\"heading.default\">\n\t\t\t\t\t<h1 class=\"elementor-heading-title elementor-size-default\">Scuola di <strong>cucina<\/strong><\/h1>\t\t\t\t<\/div>\n\t\t\t\t<div class=\"elementor-element elementor-element-d74cd0b elementor-widget elementor-widget-heading\" data-id=\"d74cd0b\" data-element_type=\"widget\" data-widget_type=\"heading.default\">\n\t\t\t\t\t<h1 class=\"elementor-heading-title elementor-size-default\">sperimenta nuove ricette con designelementi<\/h1>\t\t\t\t<\/div>\n\t\t\t\t<div class=\"elementor-element elementor-element-a1e6880 elementor-hidden-desktop elementor-hidden-tablet_extra elementor-hidden-tablet elementor-hidden-mobile elementor-widget elementor-widget-button\" data-id=\"a1e6880\" data-element_type=\"widget\" data-widget_type=\"button.default\">\n\t\t\t\t\t\t\t\t\t\t<a class=\"elementor-button elementor-button-link elementor-size-sm\" href=\"https:\/\/designelementi.it\/scuola-di-cucina\/corsi\/menu-pasquale\/\">\n\t\t\t\t\t\t<span class=\"elementor-button-content-wrapper\">\n\t\t\t\t\t\t\t\t\t<span class=\"elementor-button-text\">Scopri di pi\u00f9<\/span>\n\t\t\t\t\t<\/span>\n\t\t\t\t\t<\/a>\n\t\t\t\t\t\t\t\t<\/div>\n\t\t\t\t\t<\/div>\n\t\t\t\t<\/div>\n\t\t<div class=\"elementor-element elementor-element-6e1c11f e-flex e-con-boxed e-con e-parent\" data-id=\"6e1c11f\" data-element_type=\"container\" data-settings=\"{&quot;background_background&quot;:&quot;classic&quot;}\">\n\t\t\t\t\t<div class=\"e-con-inner\">\n\t\t\t\t<div class=\"elementor-element elementor-element-cc8da10 elementor-widget elementor-widget-heading\" data-id=\"cc8da10\" data-element_type=\"widget\" data-widget_type=\"heading.default\">\n\t\t\t\t\t<h2 class=\"elementor-heading-title elementor-size-default\">Sviluppa la tua <strong>passione in cucina<\/strong><\/h2>\t\t\t\t<\/div>\n\t\t<div class=\"elementor-element elementor-element-a7da272 e-con-full e-flex e-con e-child\" data-id=\"a7da272\" data-element_type=\"container\">\n\t\t<div class=\"elementor-element elementor-element-28045ce e-con-full e-flex e-con e-child\" data-id=\"28045ce\" data-element_type=\"container\">\n\t\t\t\t<div class=\"elementor-element elementor-element-1c0856b elementor-widget elementor-widget-text-editor\" data-id=\"1c0856b\" data-element_type=\"widget\" data-widget_type=\"text-editor.default\">\n\t\t\t\t\t\t\t\t\t<p><strong>Liberare la propria creativit\u00e0 cucinando con gli elettrodomestici NEFF.<\/strong><\/p><p>La Scuola di Cucina di DesignElementi \u00e8 un luogo creato per mettersi alla prova in una delle otto postazioni completamente accessoriate con prodotti NEFF. Forno, piano cottura a induzione e cappa telescopica sono a disposizione di ogni partecipante per sperimentare e divertirsi in cucina.<\/p>\t\t\t\t\t\t\t\t<\/div>\n\t\t\t\t<div class=\"elementor-element elementor-element-ecdd05c fondo-testo-azzurro elementor-widget elementor-widget-heading\" data-id=\"ecdd05c\" data-element_type=\"widget\" data-widget_type=\"heading.default\">\n\t\t\t\t\t<h1 class=\"elementor-heading-title elementor-size-default\">Nuove <strong>ricette<\/strong><\/h1>\t\t\t\t<\/div>\n\t\t\t\t<div class=\"elementor-element elementor-element-ccc5a5a lista-home elementor-icon-list--layout-traditional elementor-list-item-link-full_width elementor-widget elementor-widget-icon-list\" data-id=\"ccc5a5a\" data-element_type=\"widget\" data-widget_type=\"icon-list.default\">\n\t\t\t\t\t\t\t<ul class=\"elementor-icon-list-items\">\n\t\t\t\t\t\t\t<li class=\"elementor-icon-list-item\">\n\t\t\t\t\t\t\t\t\t\t<span class=\"elementor-icon-list-text\"><strong>regalati<\/strong> un momento per te<\/span>\n\t\t\t\t\t\t\t\t\t<\/li>\n\t\t\t\t\t\t\t\t<li class=\"elementor-icon-list-item\">\n\t\t\t\t\t\t\t\t\t\t<span class=\"elementor-icon-list-text\">sviluppa la <strong>creativit\u00e0<\/strong> <\/span>\n\t\t\t\t\t\t\t\t\t<\/li>\n\t\t\t\t\t\t\t\t<li class=\"elementor-icon-list-item\">\n\t\t\t\t\t\t\t\t\t\t<span class=\"elementor-icon-list-text\">fai una <strong>nuova esperienza<\/strong><\/span>\n\t\t\t\t\t\t\t\t\t<\/li>\n\t\t\t\t\t\t\t\t<li class=\"elementor-icon-list-item\">\n\t\t\t\t\t\t\t\t\t\t<span class=\"elementor-icon-list-text\"><strong>gusta!<\/strong><\/span>\n\t\t\t\t\t\t\t\t\t<\/li>\n\t\t\t\t\t\t<\/ul>\n\t\t\t\t\t\t<\/div>\n\t\t\t\t<\/div>\n\t\t<div class=\"elementor-element elementor-element-d6acccb e-con-full e-flex e-con e-child\" data-id=\"d6acccb\" data-element_type=\"container\">\n\t\t\t\t<div class=\"elementor-element elementor-element-424f29d elementor-widget elementor-widget-image\" data-id=\"424f29d\" data-element_type=\"widget\" data-widget_type=\"image.default\">\n\t\t\t\t\t\t\t\t\t\t\t\t\t\t\t<img fetchpriority=\"high\" decoding=\"async\" width=\"440\" height=\"661\" src=\"https:\/\/designelementi.it\/scuola-di-cucina\/wp-content\/uploads\/2025\/10\/piatto.jpg\" class=\"attachment-large size-large wp-image-78\" alt=\"\" srcset=\"https:\/\/designelementi.it\/scuola-di-cucina\/wp-content\/uploads\/2025\/10\/piatto.jpg 440w, https:\/\/designelementi.it\/scuola-di-cucina\/wp-content\/uploads\/2025\/10\/piatto-200x300.jpg 200w\" sizes=\"(max-width: 440px) 100vw, 440px\" \/>\t\t\t\t\t\t\t\t\t\t\t\t\t\t\t<\/div>\n\t\t\t\t<\/div>\n\t\t\t\t<\/div>\n\t\t\t\t\t<\/div>\n\t\t\t\t<\/div>\n\t\t<div class=\"elementor-element elementor-element-33616ab e-flex e-con-boxed e-con e-parent\" data-id=\"33616ab\" data-element_type=\"container\" data-settings=\"{&quot;background_background&quot;:&quot;classic&quot;}\">\n\t\t\t\t\t<div class=\"e-con-inner\">\n\t\t<div class=\"elementor-element elementor-element-c463952 e-con-full e-flex e-con e-child\" data-id=\"c463952\" data-element_type=\"container\">\n\t\t\t\t<div class=\"elementor-element elementor-element-5fd027d elementor-widget elementor-widget-image\" data-id=\"5fd027d\" data-element_type=\"widget\" data-widget_type=\"image.default\">\n\t\t\t\t\t\t\t\t\t\t\t\t\t\t\t<img decoding=\"async\" width=\"60\" height=\"53\" src=\"https:\/\/designelementi.it\/scuola-di-cucina\/wp-content\/uploads\/2025\/10\/calendar.png\" class=\"attachment-large size-large wp-image-100\" alt=\"\" \/>\t\t\t\t\t\t\t\t\t\t\t\t\t\t\t<\/div>\n\t\t\t\t<div class=\"elementor-element elementor-element-2f246c3 elementor-widget elementor-widget-heading\" data-id=\"2f246c3\" data-element_type=\"widget\" data-widget_type=\"heading.default\">\n\t\t\t\t\t<h1 class=\"elementor-heading-title elementor-size-default\">calendario in aggiornamento<\/h1>\t\t\t\t<\/div>\n\t\t\t\t<\/div>\n\t\t\t\t<div class=\"elementor-element elementor-element-ab4d580 fondo-testo-azzurro elementor-widget elementor-widget-heading\" data-id=\"ab4d580\" data-element_type=\"widget\" data-widget_type=\"heading.default\">\n\t\t\t\t\t<h1 class=\"elementor-heading-title elementor-size-default\">coming <strong>soon<\/strong><\/h1>\t\t\t\t<\/div>\n\t\t\t\t<div class=\"elementor-element elementor-element-7672729 elementor-hidden-desktop elementor-hidden-tablet_extra elementor-hidden-tablet elementor-hidden-mobile elementor-widget elementor-widget-button\" data-id=\"7672729\" data-element_type=\"widget\" data-widget_type=\"button.default\">\n\t\t\t\t\t\t\t\t\t\t<a class=\"elementor-button elementor-button-link elementor-size-sm\" href=\"https:\/\/designelementi.it\/scuola-di-cucina\/corsi\/menu-pasquale\/\">\n\t\t\t\t\t\t<span class=\"elementor-button-content-wrapper\">\n\t\t\t\t\t\t\t\t\t<span class=\"elementor-button-text\">Scopri di pi\u00f9<\/span>\n\t\t\t\t\t<\/span>\n\t\t\t\t\t<\/a>\n\t\t\t\t\t\t\t\t<\/div>\n\t\t\t\t\t<\/div>\n\t\t\t\t<\/div>\n\t\t<div class=\"elementor-element elementor-element-56219ff e-flex e-con-boxed e-con e-parent\" data-id=\"56219ff\" data-element_type=\"container\" data-settings=\"{&quot;background_background&quot;:&quot;classic&quot;}\">\n\t\t\t\t\t<div class=\"e-con-inner\">\n\t\t\t\t<div class=\"elementor-element elementor-element-69f2896 elementor-widget elementor-widget-heading\" data-id=\"69f2896\" data-element_type=\"widget\" data-widget_type=\"heading.default\">\n\t\t\t\t\t<h2 class=\"elementor-heading-title elementor-size-default\">Il nostro <strong>laboratorio<\/strong><\/h2>\t\t\t\t<\/div>\n\t\t\t\t<div class=\"elementor-element elementor-element-71ba2da elementor-widget elementor-widget-heading\" data-id=\"71ba2da\" data-element_type=\"widget\" data-widget_type=\"heading.default\">\n\t\t\t\t\t<h2 class=\"elementor-heading-title elementor-size-default\">Via Lazzaretto, 3 <strong>Milano<\/strong><\/h2>\t\t\t\t<\/div>\n\t\t\t\t<div class=\"elementor-element elementor-element-8b74852 elementor-widget elementor-widget-spacer\" data-id=\"8b74852\" data-element_type=\"widget\" data-widget_type=\"spacer.default\">\n\t\t\t\t\t\t\t<div class=\"elementor-spacer\">\n\t\t\t<div class=\"elementor-spacer-inner\"><\/div>\n\t\t<\/div>\n\t\t\t\t\t\t<\/div>\n\t\t<div class=\"elementor-element elementor-element-d2aaa5d e-con-full e-flex e-con e-child\" data-id=\"d2aaa5d\" data-element_type=\"container\">\n\t\t<div class=\"elementor-element elementor-element-21836a6 e-con-full e-flex e-con e-child\" data-id=\"21836a6\" data-element_type=\"container\" data-settings=\"{&quot;background_background&quot;:&quot;classic&quot;}\">\n\t\t\t\t<div class=\"elementor-element elementor-element-4a9f020 elementor-widget elementor-widget-image\" data-id=\"4a9f020\" data-element_type=\"widget\" data-widget_type=\"image.default\">\n\t\t\t\t\t\t\t\t\t\t\t\t\t\t\t<img decoding=\"async\" width=\"253\" height=\"72\" src=\"https:\/\/designelementi.it\/scuola-di-cucina\/wp-content\/uploads\/2025\/10\/neff-bianco.png\" class=\"attachment-large size-large wp-image-108\" alt=\"\" \/>\t\t\t\t\t\t\t\t\t\t\t\t\t\t\t<\/div>\n\t\t\t\t<div class=\"elementor-element elementor-element-d4e5f75 elementor-widget elementor-widget-spacer\" data-id=\"d4e5f75\" data-element_type=\"widget\" data-widget_type=\"spacer.default\">\n\t\t\t\t\t\t\t<div class=\"elementor-spacer\">\n\t\t\t<div class=\"elementor-spacer-inner\"><\/div>\n\t\t<\/div>\n\t\t\t\t\t\t<\/div>\n\t\t\t\t<div class=\"elementor-element elementor-element-13fe53d elementor-widget elementor-widget-text-editor\" data-id=\"13fe53d\" data-element_type=\"widget\" data-widget_type=\"text-editor.default\">\n\t\t\t\t\t\t\t\t\t<p>Vivere lo spazio a 360\u00b0 attraverso tante attivit\u00e0 in cui mettere letteralmente \u201cle mani in pasta\u201d con <strong>NEFF<\/strong>.<\/p><p>L\u2019esperienza diventa infatti protagonista, per fare in modo che tutti possano entrare in contatto con il brand <strong>NEFF<\/strong> attraverso modalit\u00e0 non convenzionali.<\/p>\t\t\t\t\t\t\t\t<\/div>\n\t\t\t\t<\/div>\n\t\t<div class=\"elementor-element elementor-element-2f42b12 e-con-full e-flex e-con e-child\" data-id=\"2f42b12\" data-element_type=\"container\" data-settings=\"{&quot;background_background&quot;:&quot;classic&quot;}\">\n\t\t\t\t<div class=\"elementor-element elementor-element-00b442b elementor-widget elementor-widget-image\" data-id=\"00b442b\" data-element_type=\"widget\" data-widget_type=\"image.default\">\n\t\t\t\t\t\t\t\t\t\t\t\t\t\t\t<img loading=\"lazy\" decoding=\"async\" width=\"1920\" height=\"1280\" src=\"https:\/\/designelementi.it\/scuola-di-cucina\/wp-content\/uploads\/2025\/11\/showroom-milano.jpg\" class=\"attachment-full size-full wp-image-472\" alt=\"\" srcset=\"https:\/\/designelementi.it\/scuola-di-cucina\/wp-content\/uploads\/2025\/11\/showroom-milano.jpg 1920w, https:\/\/designelementi.it\/scuola-di-cucina\/wp-content\/uploads\/2025\/11\/showroom-milano-300x200.jpg 300w, https:\/\/designelementi.it\/scuola-di-cucina\/wp-content\/uploads\/2025\/11\/showroom-milano-1024x683.jpg 1024w, https:\/\/designelementi.it\/scuola-di-cucina\/wp-content\/uploads\/2025\/11\/showroom-milano-768x512.jpg 768w, https:\/\/designelementi.it\/scuola-di-cucina\/wp-content\/uploads\/2025\/11\/showroom-milano-1536x1024.jpg 1536w\" sizes=\"(max-width: 1920px) 100vw, 1920px\" \/>\t\t\t\t\t\t\t\t\t\t\t\t\t\t\t<\/div>\n\t\t\t\t<\/div>\n\t\t\t\t<\/div>\n\t\t\t\t\t<\/div>\n\t\t\t\t<\/div>\n\t\t<div class=\"elementor-element elementor-element-16b6283 e-flex e-con-boxed e-con e-parent\" data-id=\"16b6283\" data-element_type=\"container\" data-settings=\"{&quot;background_background&quot;:&quot;classic&quot;}\">\n\t\t\t\t\t<div class=\"e-con-inner\">\n\t\t\t\t<div class=\"elementor-element elementor-element-c42355d elementor-widget elementor-widget-heading\" data-id=\"c42355d\" data-element_type=\"widget\" data-widget_type=\"heading.default\">\n\t\t\t\t\t<h2 class=\"elementor-heading-title elementor-size-default\">Richiedi <strong>informazioni<\/strong>\n<br>\nCompila il <strong>Form<\/strong><\/h2>\t\t\t\t<\/div>\n\t\t\t\t<div class=\"elementor-element elementor-element-c9312d5 elementor-widget elementor-widget-spacer\" data-id=\"c9312d5\" data-element_type=\"widget\" data-widget_type=\"spacer.default\">\n\t\t\t\t\t\t\t<div class=\"elementor-spacer\">\n\t\t\t<div class=\"elementor-spacer-inner\"><\/div>\n\t\t<\/div>\n\t\t\t\t\t\t<\/div>\n\t\t\t\t<div class=\"elementor-element elementor-element-4b2b55d elementor-button-align-start elementor-widget elementor-widget-global elementor-global-120 elementor-widget-form\" data-id=\"4b2b55d\" data-element_type=\"widget\" data-settings=\"{&quot;step_next_label&quot;:&quot;Successivo&quot;,&quot;step_previous_label&quot;:&quot;Precedente&quot;,&quot;button_width&quot;:&quot;100&quot;,&quot;step_type&quot;:&quot;number_text&quot;,&quot;step_icon_shape&quot;:&quot;circle&quot;}\" data-widget_type=\"form.default\">\n\t\t\t\t\t\t\t<form class=\"elementor-form\" method=\"post\" name=\"contatti-generico\" aria-label=\"contatti-generico\" novalidate=\"\">\n\t\t\t<input type=\"hidden\" name=\"post_id\" value=\"8\"\/>\n\t\t\t<input type=\"hidden\" name=\"form_id\" value=\"4b2b55d\"\/>\n\t\t\t<input type=\"hidden\" name=\"referer_title\" value=\"\" \/>\n\n\t\t\t\n\t\t\t<div class=\"elementor-form-fields-wrapper elementor-labels-above\">\n\t\t\t\t\t\t\t\t<div class=\"elementor-field-type-text elementor-field-group elementor-column elementor-field-group-name elementor-col-50 elementor-field-required elementor-mark-required\">\n\t\t\t\t\t\t\t\t\t\t\t\t<label for=\"form-field-name\" class=\"elementor-field-label\">\n\t\t\t\t\t\t\t\tNome\t\t\t\t\t\t\t<\/label>\n\t\t\t\t\t\t\t\t\t\t\t\t\t\t<input size=\"1\" type=\"text\" name=\"form_fields[name]\" id=\"form-field-name\" class=\"elementor-field elementor-size-sm  elementor-field-textual\" required=\"required\">\n\t\t\t\t\t\t\t\t\t\t\t<\/div>\n\t\t\t\t\t\t\t\t<div class=\"elementor-field-type-text elementor-field-group elementor-column elementor-field-group-field_20a5d4e elementor-col-50 elementor-field-required elementor-mark-required\">\n\t\t\t\t\t\t\t\t\t\t\t\t<label for=\"form-field-field_20a5d4e\" class=\"elementor-field-label\">\n\t\t\t\t\t\t\t\tCognome\t\t\t\t\t\t\t<\/label>\n\t\t\t\t\t\t\t\t\t\t\t\t\t\t<input size=\"1\" type=\"text\" name=\"form_fields[field_20a5d4e]\" id=\"form-field-field_20a5d4e\" class=\"elementor-field elementor-size-sm  elementor-field-textual\" required=\"required\">\n\t\t\t\t\t\t\t\t\t\t\t<\/div>\n\t\t\t\t\t\t\t\t<div class=\"elementor-field-type-text elementor-field-group elementor-column elementor-field-group-field_058f049 elementor-col-50 elementor-field-required elementor-mark-required\">\n\t\t\t\t\t\t\t\t\t\t\t\t<label for=\"form-field-field_058f049\" class=\"elementor-field-label\">\n\t\t\t\t\t\t\t\tAzienda\t\t\t\t\t\t\t<\/label>\n\t\t\t\t\t\t\t\t\t\t\t\t\t\t<input size=\"1\" type=\"text\" name=\"form_fields[field_058f049]\" id=\"form-field-field_058f049\" class=\"elementor-field elementor-size-sm  elementor-field-textual\" required=\"required\">\n\t\t\t\t\t\t\t\t\t\t\t<\/div>\n\t\t\t\t\t\t\t\t<div class=\"elementor-field-type-text elementor-field-group elementor-column elementor-field-group-field_3ae82cc elementor-col-50 elementor-field-required elementor-mark-required\">\n\t\t\t\t\t\t\t\t\t\t\t\t<label for=\"form-field-field_3ae82cc\" class=\"elementor-field-label\">\n\t\t\t\t\t\t\t\tTelefono\t\t\t\t\t\t\t<\/label>\n\t\t\t\t\t\t\t\t\t\t\t\t\t\t<input size=\"1\" type=\"text\" name=\"form_fields[field_3ae82cc]\" id=\"form-field-field_3ae82cc\" class=\"elementor-field elementor-size-sm  elementor-field-textual\" required=\"required\">\n\t\t\t\t\t\t\t\t\t\t\t<\/div>\n\t\t\t\t\t\t\t\t<div class=\"elementor-field-type-email elementor-field-group elementor-column elementor-field-group-email elementor-col-50 elementor-field-required elementor-mark-required\">\n\t\t\t\t\t\t\t\t\t\t\t\t<label for=\"form-field-email\" class=\"elementor-field-label\">\n\t\t\t\t\t\t\t\tEmail\t\t\t\t\t\t\t<\/label>\n\t\t\t\t\t\t\t\t\t\t\t\t\t\t<input size=\"1\" type=\"email\" name=\"form_fields[email]\" id=\"form-field-email\" class=\"elementor-field elementor-size-sm  elementor-field-textual\" required=\"required\">\n\t\t\t\t\t\t\t\t\t\t\t<\/div>\n\t\t\t\t\t\t\t\t<div class=\"elementor-field-type-select elementor-field-group elementor-column elementor-field-group-field_6f9728a elementor-col-50 elementor-field-required elementor-mark-required\">\n\t\t\t\t\t\t\t\t\t\t\t\t<label for=\"form-field-field_6f9728a\" class=\"elementor-field-label\">\n\t\t\t\t\t\t\t\tCorso\t\t\t\t\t\t\t<\/label>\n\t\t\t\t\t\t\t\t<div class=\"elementor-field elementor-select-wrapper remove-before \">\n\t\t\t<div class=\"select-caret-down-wrapper\">\n\t\t\t\t<svg aria-hidden=\"true\" class=\"e-font-icon-svg e-eicon-caret-down\" viewBox=\"0 0 571.4 571.4\" xmlns=\"http:\/\/www.w3.org\/2000\/svg\"><path d=\"M571 393Q571 407 561 418L311 668Q300 679 286 679T261 668L11 418Q0 407 0 393T11 368 36 357H536Q550 357 561 368T571 393Z\"><\/path><\/svg>\t\t\t<\/div>\n\t\t\t<select name=\"form_fields[field_6f9728a]\" id=\"form-field-field_6f9728a\" class=\"elementor-field-textual elementor-size-sm\" required=\"required\">\n\t\t\t\t\t\t\t\t\t<option value=\"Menu pasquale\">Menu pasquale<\/option>\n\t\t\t\t\t\t\t<\/select>\n\t\t<\/div>\n\t\t\t\t\t\t<\/div>\n\t\t\t\t\t\t\t\t<div class=\"elementor-field-type-textarea elementor-field-group elementor-column elementor-field-group-message elementor-col-100 elementor-field-required elementor-mark-required\">\n\t\t\t\t\t\t\t\t\t\t\t\t<label for=\"form-field-message\" class=\"elementor-field-label\">\n\t\t\t\t\t\t\t\tMessaggio\t\t\t\t\t\t\t<\/label>\n\t\t\t\t\t\t<textarea class=\"elementor-field-textual elementor-field  elementor-size-sm\" name=\"form_fields[message]\" id=\"form-field-message\" rows=\"4\" required=\"required\"><\/textarea>\t\t\t\t<\/div>\n\t\t\t\t\t\t\t\t<div class=\"elementor-field-type-acceptance elementor-field-group elementor-column elementor-field-group-field_6d7b354 elementor-col-100 elementor-field-required elementor-mark-required\">\n\t\t\t\t\t\t\t<div class=\"elementor-field-subgroup\">\n\t\t\t<span class=\"elementor-field-option\">\n\t\t\t\t<input type=\"checkbox\" name=\"form_fields[field_6d7b354]\" id=\"form-field-field_6d7b354\" class=\"elementor-field elementor-size-sm  elementor-acceptance-field\" required=\"required\">\n\t\t\t\t<label for=\"form-field-field_6d7b354\">Ho letto l'Informativa sulla privacy e acconsento al trattamento dei dati personali<\/label>\t\t\t<\/span>\n\t\t<\/div>\n\t\t\t\t\t\t<\/div>\n\t\t\t\t\t\t\t\t<div class=\"elementor-field-group elementor-column elementor-field-type-submit elementor-col-100 e-form__buttons\">\n\t\t\t\t\t<button class=\"elementor-button elementor-size-sm\" type=\"submit\">\n\t\t\t\t\t\t<span class=\"elementor-button-content-wrapper\">\n\t\t\t\t\t\t\t\t\t\t\t\t\t\t\t\t\t\t\t\t\t\t<span class=\"elementor-button-text\">Invia<\/span>\n\t\t\t\t\t\t\t\t\t\t\t\t\t<\/span>\n\t\t\t\t\t<\/button>\n\t\t\t\t<\/div>\n\t\t\t<\/div>\n\t\t<\/form>\n\t\t\t\t\t\t<\/div>\n\t\t\t\t\t<\/div>\n\t\t\t\t<\/div>\n\t\t\t\t<\/div>\n\t\t","protected":false},"excerpt":{"rendered":"<p>Kitchen becoming experience Scuola di cucina sperimenta nuove ricette con designelementi Scopri di pi\u00f9 Sviluppa la tua passione in cucina Liberare la propria creativit\u00e0 cucinando con gli elettrodomestici NEFF. La Scuola di Cucina di DesignElementi \u00e8 un luogo creato per mettersi alla prova in una delle otto postazioni completamente accessoriate con prodotti NEFF. Forno, piano [&hellip;]<\/p>\n","protected":false},"author":1,"featured_media":0,"parent":0,"menu_order":0,"comment_status":"closed","ping_status":"closed","template":"","meta":{"footnotes":""},"class_list":["post-8","page","type-page","status-publish","hentry"],"_links":{"self":[{"href":"https:\/\/designelementi.it\/scuola-di-cucina\/wp-json\/wp\/v2\/pages\/8","targetHints":{"allow":["GET"]}}],"collection":[{"href":"https:\/\/designelementi.it\/scuola-di-cucina\/wp-json\/wp\/v2\/pages"}],"about":[{"href":"https:\/\/designelementi.it\/scuola-di-cucina\/wp-json\/wp\/v2\/types\/page"}],"author":[{"embeddable":true,"href":"https:\/\/designelementi.it\/scuola-di-cucina\/wp-json\/wp\/v2\/users\/1"}],"replies":[{"embeddable":true,"href":"https:\/\/designelementi.it\/scuola-di-cucina\/wp-json\/wp\/v2\/comments?post=8"}],"version-history":[{"count":247,"href":"https:\/\/designelementi.it\/scuola-di-cucina\/wp-json\/wp\/v2\/pages\/8\/revisions"}],"predecessor-version":[{"id":669,"href":"https:\/\/designelementi.it\/scuola-di-cucina\/wp-json\/wp\/v2\/pages\/8\/revisions\/669"}],"wp:attachment":[{"href":"https:\/\/designelementi.it\/scuola-di-cucina\/wp-json\/wp\/v2\/media?parent=8"}],"curies":[{"name":"wp","href":"https:\/\/api.w.org\/{rel}","templated":true}]}}